{"id":1062,"date":"2024-01-25T09:25:31","date_gmt":"2024-01-25T08:25:31","guid":{"rendered":"https:\/\/feinwerk.kopfmedia.systems\/verin-hydraulique\/"},"modified":"2025-12-04T11:10:11","modified_gmt":"2025-12-04T10:10:11","slug":"verin-hydraulique","status":"publish","type":"page","link":"https:\/\/www.feinwerk-technologies.de\/fr\/verin-hydraulique\/","title":{"rendered":"V\u00e9rin hydraulique"},"content":{"rendered":"<p>[et_pb_section fb_built=&#8221;1&#8243; _builder_version=&#8221;4.24.0&#8243; _module_preset=&#8221;default&#8221; custom_margin=&#8221;||||false|false&#8221; global_colors_info=&#8221;{}&#8221;][et_pb_row _builder_version=&#8221;4.24.1&#8243; _module_preset=&#8221;default&#8221; min_height=&#8221;600px&#8221; min_height_tablet=&#8221;400px&#8221; min_height_phone=&#8221;400px&#8221; min_height_last_edited=&#8221;on|tablet&#8221; custom_margin=&#8221;|auto||auto|false|false&#8221; custom_margin_tablet=&#8221;40px||||false|false&#8221; custom_margin_phone=&#8221;40px||||false|false&#8221; custom_margin_last_edited=&#8221;on|tablet&#8221; custom_padding=&#8221;45px||45px||true|false&#8221; global_colors_info=&#8221;{}&#8221;][et_pb_column type=&#8221;4_4&#8243; _builder_version=&#8221;4.24.1&#8243; _module_preset=&#8221;default&#8221; global_colors_info=&#8221;{}&#8221;][et_pb_text _builder_version=&#8221;4.27.4&#8243; _module_preset=&#8221;default&#8221; header_text_color=&#8221;#FFFFFF&#8221; use_background_color_gradient=&#8221;on&#8221; background_color_gradient_stops=&#8221;rgba(0,0,0,0.2) 0%|rgba(0,0,0,0.2) 100%&#8221; background_color_gradient_overlays_image=&#8221;on&#8221; background_image=&#8221;https:\/\/www.feinwerk-technologies.de\/wp-content\/uploads\/2024\/01\/kopfmedia_feinwerk_hydraulikzylinder-05.webp&#8221; min_height=&#8221;600px&#8221; min_height_tablet=&#8221;400px&#8221; min_height_phone=&#8221;400px&#8221; min_height_last_edited=&#8221;on|phone&#8221; custom_margin=&#8221;||||false|false&#8221; custom_padding=&#8221;||||false|false&#8221; hover_enabled=&#8221;0&#8243; custom_css_main_element=&#8221;display:flex;||align-items:center;||justify-content:center;&#8221; border_radii=&#8221;on|10px|10px|10px|10px&#8221; global_colors_info=&#8221;{}&#8221; dvmd_acat_aria_label=&#8221;Un employ\u00e9 en tenue de protection applique un rev\u00eatement sur un grand cylindre hydraulique dans une cabine de peinture.&#8221; sticky_enabled=&#8221;0&#8243;]<\/p>\n<h1>V\u00e9rin hydraulique<\/h1>\n<p>[\/et_pb_text][\/et_pb_column][\/et_pb_row][\/et_pb_section][et_pb_section fb_built=&#8221;1&#8243; _builder_version=&#8221;4.24.0&#8243; _module_preset=&#8221;default&#8221; global_colors_info=&#8221;{}&#8221;][et_pb_row column_structure=&#8221;1_2,1_2&#8243; _builder_version=&#8221;4.24.0&#8243; _module_preset=&#8221;default&#8221; global_colors_info=&#8221;{}&#8221;][et_pb_column type=&#8221;1_2&#8243; _builder_version=&#8221;4.24.0&#8243; _module_preset=&#8221;default&#8221; global_colors_info=&#8221;{}&#8221;][et_pb_text _builder_version=&#8221;4.24.0&#8243; _module_preset=&#8221;default&#8221; global_colors_info=&#8221;{}&#8221;]<\/p>\n<h2>V\u00e9rins hydrauliques sur mesure <br \/>de Feinwerk Technologies<\/h2>\n<p>[\/et_pb_text][et_pb_code _builder_version=&#8221;4.24.0&#8243; _module_preset=&#8221;default&#8221; global_colors_info=&#8221;{}&#8221;]<\/p>\n<div class=\"badge-container\"><!-- [et_pb_line_break_holder] --><\/p>\n<div class=\"badge badge-transparent\" style=\"color:#004B93;\"><span class=\"feinwerk-icon-arrow-up\"><\/span><!-- [et_pb_line_break_holder] --><span>jusqu&#8217;\u00e0 6.000 mm de course<\/span><\/div>\n<p><!-- [et_pb_line_break_holder] --><\/p>\n<div class=\"badge badge-transparent\" style=\"color:#004B93;\"><span class=\"feinwerk-icon-expand\"><\/span><!-- [et_pb_line_break_holder] --><span>jusqu&#8217;\u00e0 800 mm de diam\u00e8tre<\/span><\/div>\n<p><!-- [et_pb_line_break_holder] --><\/p>\n<div><\/div>\n<p><!-- [et_pb_line_break_holder] --><\/div>\n<p>[\/et_pb_code][\/et_pb_column][et_pb_column type=&#8221;1_2&#8243; _builder_version=&#8221;4.24.0&#8243; _module_preset=&#8221;default&#8221; global_colors_info=&#8221;{}&#8221;][et_pb_text _builder_version=&#8221;4.24.0&#8243; _module_preset=&#8221;default&#8221; global_colors_info=&#8221;{}&#8221;]<\/p>\n<p>D\u00e9couvrez le monde des v\u00e9rins hydrauliques sur mesure chez Feinwerk Technologies. Forts de nos ann\u00e9es d&#8217;exp\u00e9rience dans la conception et la fabrication, nous proposons des v\u00e9rins hydrauliques dans une grande vari\u00e9t\u00e9 de tailles et de sp\u00e9cifications. Nos v\u00e9rins vont jusqu&#8217;\u00e0 un diam\u00e8tre de 800 mm et une course de 6000 mm, largement \u00e9quip\u00e9s pour tous les fluides et pressions hydrauliques courants. Comptez sur notre expertise pour des solutions pr\u00e9cises et robustes.<\/p>\n<p>[\/et_pb_text][\/et_pb_column][\/et_pb_row][et_pb_row make_equal=&#8221;on&#8221; _builder_version=&#8221;4.24.0&#8243; _module_preset=&#8221;default&#8221; global_colors_info=&#8221;{}&#8221;][et_pb_column type=&#8221;4_4&#8243; _builder_version=&#8221;4.24.0&#8243; _module_preset=&#8221;default&#8221; custom_css_main_element=&#8221;margin:auto;&#8221; global_colors_info=&#8221;{}&#8221;][et_pb_code _builder_version=&#8221;4.27.4&#8243; _module_preset=&#8221;default&#8221; background_image=&#8221;https:\/\/www.feinwerk-technologies.de\/wp-content\/uploads\/2024\/01\/kopfmedia_feinwerk_hydraulikzylinder-04.webp&#8221; height=&#8221;600px&#8221; hover_enabled=&#8221;0&#8243; border_radii=&#8221;on|10px|10px|10px|10px&#8221; global_colors_info=&#8221;{}&#8221; dvmd_acat_aria_label=&#8221;Un employ\u00e9 de la production monte un cylindre hydraulique massif sur un dispositif de serrage bleu sp\u00e9cial. En arri\u00e8re-plan, des \u00e9tag\u00e8res de stockage et des machines sont visibles dans un hall de production bien \u00e9quip\u00e9.&#8221; sticky_enabled=&#8221;0&#8243;][\/et_pb_code][\/et_pb_column][\/et_pb_row][\/et_pb_section][et_pb_section fb_built=&#8221;1&#8243; _builder_version=&#8221;4.24.0&#8243; _module_preset=&#8221;default&#8221; custom_margin=&#8221;||||false|false&#8221; global_colors_info=&#8221;{}&#8221;][et_pb_row column_structure=&#8221;1_2,1_2&#8243; _builder_version=&#8221;4.24.0&#8243; _module_preset=&#8221;default&#8221; custom_padding=&#8221;45px||45px||true|false&#8221; global_colors_info=&#8221;{}&#8221; border_radii__hover_enabled=&#8221;off|desktop&#8221;][et_pb_column type=&#8221;1_2&#8243; _builder_version=&#8221;4.24.0&#8243; _module_preset=&#8221;default&#8221; custom_css_main_element=&#8221;margin: auto;&#8221; global_colors_info=&#8221;{}&#8221;][et_pb_text _builder_version=&#8221;4.24.0&#8243; _module_preset=&#8221;default&#8221; header_text_color=&#8221;gcid-5ea6f707-7589-495b-ac14-f55a09689654&#8243; global_colors_info=&#8221;{%22gcid-5ea6f707-7589-495b-ac14-f55a09689654%22:%91%22header_text_color%22%93}&#8221;]<\/p>\n<h2>Expertise intersectorielle :<br \/>Des v\u00e9rins hydrauliques pour toutes les exigences<\/h2>\n<p>[\/et_pb_text][\/et_pb_column][et_pb_column type=&#8221;1_2&#8243; _builder_version=&#8221;4.24.0&#8243; _module_preset=&#8221;default&#8221; custom_css_main_element=&#8221;margin: auto;&#8221; global_colors_info=&#8221;{}&#8221;][et_pb_text _builder_version=&#8221;4.24.0&#8243; _module_preset=&#8221;default&#8221; global_colors_info=&#8221;{}&#8221;]<\/p>\n<p>Unsere Hydraulikzylinder werden in einer Vielzahl von Branchen eingesetzt, von der Stahlindustrie \u00fcber Produktionsanlagen bis hin zur Mobilhydraulik. Sp\u00e9cialis\u00e9s dans les v\u00e9rins durables, robustes et n\u00e9cessitant peu d&#8217;entretien, nous proposons des solutions pour les v\u00e9rins de levage d&#8217;\u00e9lectrodes, les v\u00e9rins de basculement de four, les v\u00e9rins de levage de couvercle et de nombreuses autres applications. Faites confiance \u00e0 nos cylindres standard \u00e9prouv\u00e9s et \u00e0 notre capacit\u00e9 \u00e0 r\u00e9pondre aux exigences du monde entier.<\/p>\n<p>[\/et_pb_text][\/et_pb_column][\/et_pb_row][\/et_pb_section][et_pb_section fb_built=&#8221;1&#8243; _builder_version=&#8221;4.24.0&#8243; _module_preset=&#8221;default&#8221; custom_margin=&#8221;||||false|false&#8221; global_colors_info=&#8221;{}&#8221;][et_pb_row make_equal=&#8221;on&#8221; _builder_version=&#8221;4.27.4&#8243; _module_preset=&#8221;default&#8221; background_image=&#8221;https:\/\/www.feinwerk-technologies.de\/wp-content\/uploads\/2024\/01\/kopfmedia_feinwerk_hydraulikzylinder-02.webp&#8221; min_height=&#8221;400px&#8221; custom_margin=&#8221;||0px||false|false&#8221; custom_padding=&#8221;0px|0px|0px|0px|true|true&#8221; hover_enabled=&#8221;0&#8243; border_radii=&#8221;off|10px|10px||&#8221; global_colors_info=&#8221;{}&#8221; border_radii__hover_enabled=&#8221;off|desktop&#8221; dvmd_acat_aria_label=&#8221;V\u00e9rins hydrauliques en fabrication sp\u00e9ciale &#8211; Processus d&#8217;assemblage industriel pour applications sp\u00e9ciales&#8221; sticky_enabled=&#8221;0&#8243;][et_pb_column type=&#8221;4_4&#8243; _builder_version=&#8221;4.24.0&#8243; _module_preset=&#8221;default&#8221; custom_css_main_element=&#8221;margin: auto;&#8221; global_colors_info=&#8221;{}&#8221;][\/et_pb_column][\/et_pb_row][et_pb_row column_structure=&#8221;1_2,1_2&#8243; _builder_version=&#8221;4.24.0&#8243; _module_preset=&#8221;default&#8221; background_color=&#8221;gcid-900d4a25-5d4d-4445-b994-67d8dc7f68c1&#8243; custom_padding=&#8221;45px|45px|45px|45px|true|true&#8221; border_radii=&#8221;off|||10px|10px&#8221; global_colors_info=&#8221;{%22gcid-900d4a25-5d4d-4445-b994-67d8dc7f68c1%22:%91%22background_color%22%93}&#8221; border_radii__hover_enabled=&#8221;off|desktop&#8221;][et_pb_column type=&#8221;1_2&#8243; _builder_version=&#8221;4.24.0&#8243; _module_preset=&#8221;default&#8221; global_colors_info=&#8221;{}&#8221;][et_pb_text _builder_version=&#8221;4.24.0&#8243; _module_preset=&#8221;default&#8221; header_text_color=&#8221;gcid-5ea6f707-7589-495b-ac14-f55a09689654&#8243; header_5_text_color=&#8221;gcid-5ea6f707-7589-495b-ac14-f55a09689654&#8243; global_colors_info=&#8221;{%22gcid-5ea6f707-7589-495b-ac14-f55a09689654%22:%91%22header_text_color%22,%22header_5_text_color%22%93}&#8221;]<\/p>\n<h2 style=\"color: #004b93;\">Des solutions innovantes pour<br \/>Applications sp\u00e9ciales<\/h2>\n<p>[\/et_pb_text][\/et_pb_column][et_pb_column type=&#8221;1_2&#8243; _builder_version=&#8221;4.24.0&#8243; _module_preset=&#8221;default&#8221; global_colors_info=&#8221;{}&#8221;][et_pb_text _builder_version=&#8221;4.24.0&#8243; _module_preset=&#8221;default&#8221; global_colors_info=&#8221;{}&#8221;]<\/p>\n<p>Feinwerk Technologies va au-del\u00e0 de l&#8217;offre standard et propose des solutions sp\u00e9cialis\u00e9es pour des d\u00e9fis uniques. Nos v\u00e9rins hydrauliques sont utilis\u00e9s dans la technique de blanchisserie, l&#8217;industrie du sciage, la technique de creusement de tunnels et bien d&#8217;autres domaines sp\u00e9cialis\u00e9s. Nous fabriquons des v\u00e9rins pour des longueurs de course sp\u00e9ciales ainsi que des diam\u00e8tres de piston\/cylindre surdimensionn\u00e9s et proposons des solutions sp\u00e9ciales telles que des v\u00e9rins de levage pour bateaux r\u00e9sistants \u00e0 l&#8217;eau de mer.<\/p>\n<p>[\/et_pb_text][\/et_pb_column][\/et_pb_row][et_pb_row column_structure=&#8221;1_2,1_2&#8243; _builder_version=&#8221;4.24.0&#8243; _module_preset=&#8221;default&#8221; background_color=&#8221;gcid-900d4a25-5d4d-4445-b994-67d8dc7f68c1&#8243; custom_padding=&#8221;45px|45px|45px|45px|true|true&#8221; custom_css_main_element=&#8221;display:flex;||align-items:flex-end;&#8221; border_radii=&#8221;off|||10px|10px&#8221; global_colors_info=&#8221;{%22gcid-900d4a25-5d4d-4445-b994-67d8dc7f68c1%22:%91%22background_color%22%93}&#8221; border_radii__hover_enabled=&#8221;off|desktop&#8221;][et_pb_column type=&#8221;1_2&#8243; _builder_version=&#8221;4.24.0&#8243; _module_preset=&#8221;default&#8221; global_colors_info=&#8221;{}&#8221;][et_pb_text _builder_version=&#8221;4.24.0&#8243; _module_preset=&#8221;default&#8221; text_text_color=&#8221;gcid-5ea6f707-7589-495b-ac14-f55a09689654&#8243; text_font_size=&#8221;25px&#8221; header_text_color=&#8221;gcid-5ea6f707-7589-495b-ac14-f55a09689654&#8243; header_5_text_color=&#8221;gcid-5ea6f707-7589-495b-ac14-f55a09689654&#8243; custom_css_main_element=&#8221;display:flex;||align-items: flex-end;&#8221; global_colors_info=&#8221;{%22gcid-5ea6f707-7589-495b-ac14-f55a09689654%22:%91%22header_text_color%22,%22header_5_text_color%22,%22text_text_color%22%93}&#8221;]<span class=\"feinwerk-icon-feinwerk-logo\"><\/span>[\/et_pb_text][\/et_pb_column][et_pb_column type=&#8221;1_2&#8243; _builder_version=&#8221;4.24.0&#8243; _module_preset=&#8221;default&#8221; global_colors_info=&#8221;{}&#8221;][et_pb_code _builder_version=&#8221;4.24.0&#8243; _module_preset=&#8221;default&#8221; global_colors_info=&#8221;{}&#8221;]<\/p>\n<div class=\"badge-container\"><!-- [et_pb_line_break_holder] --><\/p>\n<div class=\"badge badge-white\"><span class=\"feinwerk-icon-check\"><\/span><!-- [et_pb_line_break_holder] --><span>Accessoires pour pelles<\/span><\/div>\n<p><!-- [et_pb_line_break_holder] -->  <\/p>\n<div class=\"badge badge-white\"><span class=\"feinwerk-icon-check\"><\/span><!-- [et_pb_line_break_holder] --><span>Construction de v\u00e9hicules<\/span><\/div>\n<p><!-- [et_pb_line_break_holder] --><\/p>\n<div class=\"badge badge-white\"><span class=\"feinwerk-icon-check\"><\/span><!-- [et_pb_line_break_holder] --><span>V\u00e9rins de levage pour bateaux r\u00e9sistants \u00e0 l&#8217;eau de mer<\/span><\/div>\n<p><!-- [et_pb_line_break_holder] --><\/p>\n<div class=\"badge badge-white\"><span class=\"feinwerk-icon-check\"><\/span><!-- [et_pb_line_break_holder] --><span>Grues de chargement<\/span><\/div>\n<p><!-- [et_pb_line_break_holder] --><\/p>\n<div class=\"badge badge-white\"><span class=\"feinwerk-icon-check\"><\/span><!-- [et_pb_line_break_holder] --><span>Technique de l&#8217;aci\u00e9rie<\/span><\/div>\n<p><!-- [et_pb_line_break_holder] --><\/p>\n<div class=\"badge badge-white\"><span class=\"feinwerk-icon-check\"><\/span><!-- [et_pb_line_break_holder] --><span>Technique de creusement de tunnels<\/span><\/div>\n<p><!-- [et_pb_line_break_holder] --><\/p>\n<div class=\"badge badge-white\"><span class=\"feinwerk-icon-check\"><\/span><!-- [et_pb_line_break_holder] --><span>Technique d&#8217;\u00e9cluse<\/span><\/div>\n<p><!-- [et_pb_line_break_holder] --><\/div>\n<p>[\/et_pb_code][\/et_pb_column][\/et_pb_row][\/et_pb_section][et_pb_section fb_built=&#8221;1&#8243; _builder_version=&#8221;4.24.0&#8243; _module_preset=&#8221;default&#8221; locked=&#8221;off&#8221; global_colors_info=&#8221;{}&#8221;][et_pb_row column_structure=&#8221;1_2,1_2&#8243; _builder_version=&#8221;4.24.0&#8243; _module_preset=&#8221;default&#8221; global_colors_info=&#8221;{}&#8221;][et_pb_column type=&#8221;1_2&#8243; _builder_version=&#8221;4.24.0&#8243; _module_preset=&#8221;default&#8221; custom_css_main_element=&#8221;margin:auto;&#8221; global_colors_info=&#8221;{}&#8221;][et_pb_text _builder_version=&#8221;4.24.0&#8243; _module_preset=&#8221;default&#8221; global_colors_info=&#8221;{}&#8221;]<\/p>\n<h2>Un service complet <br \/>pour vos v\u00e9rins hydrauliques<\/h2>\n<p>[\/et_pb_text][\/et_pb_column][et_pb_column type=&#8221;1_2&#8243; _builder_version=&#8221;4.24.0&#8243; _module_preset=&#8221;default&#8221; custom_css_main_element=&#8221;margin:auto;&#8221; global_colors_info=&#8221;{}&#8221;][et_pb_text _builder_version=&#8221;4.24.0&#8243; _module_preset=&#8221;default&#8221; global_colors_info=&#8221;{}&#8221;]<\/p>\n<p>Notre centre de service pour cylindres est synonyme de qualit\u00e9 et de fiabilit\u00e9, qu&#8217;il s&#8217;agisse de r\u00e9paration, de remise en \u00e9tat ou d&#8217;entretien : nous veillons \u00e0 ce que votre technique soit toujours pr\u00eate \u00e0 l&#8217;emploi. Gr\u00e2ce \u00e0 notre service interne de tournage\/fraisage CNC, nous pouvons pratiquement effectuer les r\u00e9parations en interne et nous sommes un partenaire fiable \u00e0 vos c\u00f4t\u00e9s.<\/p>\n<p>[\/et_pb_text][\/et_pb_column][\/et_pb_row][et_pb_row column_structure=&#8221;1_2,1_2&#8243; make_equal=&#8221;on&#8221; _builder_version=&#8221;4.24.1&#8243; _module_preset=&#8221;default&#8221; global_colors_info=&#8221;{}&#8221;][et_pb_column type=&#8221;1_2&#8243; _builder_version=&#8221;4.24.1&#8243; _module_preset=&#8221;default&#8221; custom_padding=&#8221;20px||20px||true|true&#8221; custom_css_main_element=&#8221;margin:auto;&#8221; global_colors_info=&#8221;{}&#8221;][et_pb_code _builder_version=&#8221;4.27.4&#8243; _module_preset=&#8221;default&#8221; background_image=&#8221;https:\/\/www.feinwerk-technologies.de\/wp-content\/uploads\/2024\/01\/kopfmedia_feinwerk_hydraulikzylinder-03.webp&#8221; height=&#8221;400px&#8221; hover_enabled=&#8221;0&#8243; border_radii=&#8221;on|10px|10px|10px|10px&#8221; global_colors_info=&#8221;{}&#8221; dvmd_acat_aria_label=&#8221;Un m\u00e9canicien r\u00e9pare \u00e0 l&#8217;aide d&#8217;une cl\u00e9 \u00e0 molette un cylindre hydraulique encrass\u00e9, serr\u00e9 dans un \u00e9tau.&#8221; sticky_enabled=&#8221;0&#8243;][\/et_pb_code][\/et_pb_column][et_pb_column type=&#8221;1_2&#8243; _builder_version=&#8221;4.24.1&#8243; _module_preset=&#8221;default&#8221; custom_padding=&#8221;20px||20px||true|true&#8221; custom_css_main_element=&#8221;margin:auto;&#8221; global_colors_info=&#8221;{}&#8221;][et_pb_code _builder_version=&#8221;4.27.4&#8243; _module_preset=&#8221;default&#8221; background_image=&#8221;https:\/\/www.feinwerk-technologies.de\/wp-content\/uploads\/2024\/01\/kopfmedia_feinwerk_hydraulikzylinder-01.webp&#8221; height=&#8221;400px&#8221; hover_enabled=&#8221;0&#8243; border_radii=&#8221;on|10px|10px|10px|10px&#8221; global_colors_info=&#8221;{}&#8221; dvmd_acat_aria_label=&#8221;Mitarbeiter in blauer Arbeitskleidung \u00fcberpr\u00fcft einen gro\u00dfen, gelben Hydraulikzylinder, der an einem Kran befestigt ist.&#8221; sticky_enabled=&#8221;0&#8243;][\/et_pb_code][\/et_pb_column][\/et_pb_row][\/et_pb_section][et_pb_section fb_built=&#8221;1&#8243; _builder_version=&#8221;4.24.0&#8243; _module_preset=&#8221;default&#8221; global_colors_info=&#8221;{}&#8221;][et_pb_row make_equal=&#8221;on&#8221; _builder_version=&#8221;4.24.0&#8243; _module_preset=&#8221;default&#8221; global_colors_info=&#8221;{}&#8221;][et_pb_column type=&#8221;4_4&#8243; _builder_version=&#8221;4.24.0&#8243; _module_preset=&#8221;default&#8221; custom_css_main_element=&#8221;margin:auto;&#8221; global_colors_info=&#8221;{}&#8221;][et_pb_text _builder_version=&#8221;4.24.0&#8243; _module_preset=&#8221;default&#8221; header_2_text_color=&#8221;gcid-5ea6f707-7589-495b-ac14-f55a09689654&#8243; global_colors_info=&#8221;{%22gcid-5ea6f707-7589-495b-ac14-f55a09689654%22:%91%22header_2_text_color%22%93}&#8221;]<\/p>\n<h2 style=\"text-align: center;\">Demandez maintenant votre projet \u00e0 feinwerk. <br \/>Gratuit &amp; sans engagement.<\/h2>\n<p>[\/et_pb_text][et_pb_text _builder_version=&#8221;4.24.0&#8243; _module_preset=&#8221;default&#8221; global_colors_info=&#8221;{}&#8221;]<\/p>\n<p style=\"text-align: center;\">\n    <a href=\"https:\/\/www.feinwerk-technologies.de\/fr\/contact\/\" class=\"btn-link\">Demander maintenant<\/a>\n<\/p>\n<p>[\/et_pb_text][\/et_pb_column][\/et_pb_row][\/et_pb_section][et_pb_section fb_built=&#8221;1&#8243; _builder_version=&#8221;4.24.0&#8243; _module_preset=&#8221;default&#8221; global_colors_info=&#8221;{}&#8221;][et_pb_row disabled_on=&#8221;on|on|on&#8221; _builder_version=&#8221;4.24.0&#8243; _module_preset=&#8221;default&#8221; disabled=&#8221;on&#8221; global_colors_info=&#8221;{}&#8221;][et_pb_column type=&#8221;4_4&#8243; _builder_version=&#8221;4.24.0&#8243; _module_preset=&#8221;default&#8221; global_colors_info=&#8221;{}&#8221;][et_pb_text _builder_version=&#8221;4.24.0&#8243; _module_preset=&#8221;default&#8221; global_colors_info=&#8221;{}&#8221;]<\/p>\n<h2>FAQ<\/h2>\n<p>[\/et_pb_text][et_pb_code _builder_version=&#8221;4.24.0&#8243; _module_preset=&#8221;default&#8221; global_colors_info=&#8221;{}&#8221;]<div id=\"vue-wordpress-app-7bec5ab9-c8b6-4bf6-8f39-4f8f6e1bb81a\" data-app-url=\"https:\/\/www.feinwerk-technologies.de\" data-fcaptcha-sitekey=\"FCMHA65IB64SV3PL\" data-component=\"faq-row\" data-faqrow=\"{&quot;showOptions&quot;:false,&quot;hideSearch&quot;:true,&quot;activeCategories&quot;:[&quot;hydraulic&quot;]}\"><\/div>[\/et_pb_code][\/et_pb_column][\/et_pb_row][\/et_pb_section][et_pb_section fb_built=&#8221;1&#8243; _builder_version=&#8221;4.24.0&#8243; _module_preset=&#8221;default&#8221; custom_margin=&#8221;||||false|false&#8221; global_colors_info=&#8221;{}&#8221;][et_pb_row make_equal=&#8221;on&#8221; _builder_version=&#8221;4.24.0&#8243; _module_preset=&#8221;default&#8221; global_colors_info=&#8221;{}&#8221;][et_pb_column type=&#8221;4_4&#8243; _builder_version=&#8221;4.24.0&#8243; _module_preset=&#8221;default&#8221; custom_css_main_element=&#8221;margin: auto;&#8221; global_colors_info=&#8221;{}&#8221;][et_pb_code _builder_version=&#8221;4.24.0&#8243; _module_preset=&#8221;default&#8221; global_colors_info=&#8221;{}&#8221;][\/et_pb_code][et_pb_code _builder_version=&#8221;4.27.4&#8243; _module_preset=&#8221;default&#8221; hover_enabled=&#8221;0&#8243; global_colors_info=&#8221;{}&#8221; dvmd_acat_aria_label=&#8221;Photo de l&#8217;interlocuteur Valentin Singer, ing\u00e9nieur dipl\u00f4m\u00e9&#8221; sticky_enabled=&#8221;0&#8243;]<\/p>\n<div class=\"contact-section-row\"><!-- [et_pb_line_break_holder] -->  <\/p>\n<div class=\"contact-section-row-item\"><!-- [et_pb_line_break_holder] -->  <\/p>\n<h2>D&#8217;autres questions ?<\/h2>\n<p><!-- [et_pb_line_break_holder] -->  <\/p>\n<h2>Nous sommes l\u00e0 pour vous.<\/h2>\n<p><!-- [et_pb_line_break_holder] -->  <\/div>\n<p><!-- [et_pb_line_break_holder] -->  <\/p>\n<div class=\"contact-section-row-item\"><!-- [et_pb_line_break_holder] -->   <div id=\"vue-wordpress-app-73cbc670-9f1e-4f9d-8663-c5aa2c62436f\" data-app-url=\"https:\/\/www.feinwerk-technologies.de\" data-fcaptcha-sitekey=\"FCMHA65IB64SV3PL\" data-component=\"contact-section\" data-contactsection=\"{&quot;categories&quot;:[&quot;hydraulic&quot;]}\"><\/div><!-- [et_pb_line_break_holder] -->  <\/div>\n<p><!-- [et_pb_line_break_holder] --><\/div>\n<p>[\/et_pb_code][\/et_pb_column][\/et_pb_row][\/et_pb_section]<\/p>\n","protected":false},"excerpt":{"rendered":"<p>V\u00e9rin hydrauliqueV\u00e9rins hydrauliques sur mesure de Feinwerk TechnologiesD\u00e9couvrez le monde des v\u00e9rins hydrauliques sur mesure chez Feinwerk Technologies. Forts de nos ann\u00e9es d&#8217;exp\u00e9rience dans la conception et la fabrication, nous proposons des v\u00e9rins hydrauliques dans une grande vari\u00e9t\u00e9 de tailles et de sp\u00e9cifications. Nos v\u00e9rins vont jusqu&#8217;\u00e0 un diam\u00e8tre de 800 mm et une course [&hellip;]<\/p>\n","protected":false},"author":1,"featured_media":595,"parent":0,"menu_order":0,"comment_status":"closed","ping_status":"closed","template":"","meta":{"_acf_changed":false,"_et_pb_use_builder":"on","_et_pb_old_content":"","_et_gb_content_width":"","inline_featured_image":false,"footnotes":""},"class_list":["post-1062","page","type-page","status-publish","has-post-thumbnail","hentry"],"acf":[],"tag_names":[],"category_names":[],"thumbnail":"https:\/\/www.feinwerk-technologies.de\/wp-content\/uploads\/2024\/01\/kopfmedia_feinwerk_hydraulikzylinder-05.webp","_links":{"self":[{"href":"https:\/\/www.feinwerk-technologies.de\/fr\/wp-json\/wp\/v2\/pages\/1062","targetHints":{"allow":["GET"]}}],"collection":[{"href":"https:\/\/www.feinwerk-technologies.de\/fr\/wp-json\/wp\/v2\/pages"}],"about":[{"href":"https:\/\/www.feinwerk-technologies.de\/fr\/wp-json\/wp\/v2\/types\/page"}],"author":[{"embeddable":true,"href":"https:\/\/www.feinwerk-technologies.de\/fr\/wp-json\/wp\/v2\/users\/1"}],"replies":[{"embeddable":true,"href":"https:\/\/www.feinwerk-technologies.de\/fr\/wp-json\/wp\/v2\/comments?post=1062"}],"version-history":[{"count":13,"href":"https:\/\/www.feinwerk-technologies.de\/fr\/wp-json\/wp\/v2\/pages\/1062\/revisions"}],"predecessor-version":[{"id":2347,"href":"https:\/\/www.feinwerk-technologies.de\/fr\/wp-json\/wp\/v2\/pages\/1062\/revisions\/2347"}],"wp:featuredmedia":[{"embeddable":true,"href":"https:\/\/www.feinwerk-technologies.de\/fr\/wp-json\/wp\/v2\/media\/595"}],"wp:attachment":[{"href":"https:\/\/www.feinwerk-technologies.de\/fr\/wp-json\/wp\/v2\/media?parent=1062"}],"curies":[{"name":"wp","href":"https:\/\/api.w.org\/{rel}","templated":true}]}}