{"id":1056,"date":"2024-01-24T16:40:11","date_gmt":"2024-01-24T15:40:11","guid":{"rendered":"https:\/\/feinwerk.kopfmedia.systems\/fraisage-cnc\/"},"modified":"2025-12-04T10:41:49","modified_gmt":"2025-12-04T09:41:49","slug":"fraisage-cnc","status":"publish","type":"page","link":"https:\/\/www.feinwerk-technologies.de\/fr\/fraisage-cnc\/","title":{"rendered":"Fraisage CNC"},"content":{"rendered":"<p>[et_pb_section fb_built=&#8221;1&#8243; _builder_version=&#8221;4.24.0&#8243; _module_preset=&#8221;default&#8221; custom_margin=&#8221;||||false|false&#8221; global_colors_info=&#8221;{}&#8221;][et_pb_row _builder_version=&#8221;4.24.1&#8243; _module_preset=&#8221;default&#8221; min_height=&#8221;600px&#8221; min_height_tablet=&#8221;400px&#8221; min_height_phone=&#8221;400px&#8221; min_height_last_edited=&#8221;on|tablet&#8221; custom_margin=&#8221;|auto||auto|false|false&#8221; custom_margin_tablet=&#8221;40px||||false|false&#8221; custom_margin_phone=&#8221;40px||||false|false&#8221; custom_margin_last_edited=&#8221;on|tablet&#8221; custom_padding=&#8221;45px||45px||true|false&#8221; global_colors_info=&#8221;{}&#8221;][et_pb_column type=&#8221;4_4&#8243; _builder_version=&#8221;4.24.1&#8243; _module_preset=&#8221;default&#8221; global_colors_info=&#8221;{}&#8221;][et_pb_text _builder_version=&#8221;4.27.4&#8243; _module_preset=&#8221;default&#8221; header_text_color=&#8221;#FFFFFF&#8221; use_background_color_gradient=&#8221;on&#8221; background_color_gradient_stops=&#8221;rgba(0,0,0,0.2) 0%|rgba(0,0,0,0.2) 100%&#8221; background_color_gradient_overlays_image=&#8221;on&#8221; background_image=&#8221;https:\/\/www.feinwerk-technologies.de\/wp-content\/uploads\/2024\/01\/kopfmedia_feinwerk_cnc-fraesen-04.webp&#8221; min_height=&#8221;600px&#8221; min_height_tablet=&#8221;400px&#8221; min_height_phone=&#8221;400px&#8221; min_height_last_edited=&#8221;on|phone&#8221; custom_margin=&#8221;||||false|false&#8221; custom_padding=&#8221;||||false|false&#8221; hover_enabled=&#8221;0&#8243; custom_css_main_element=&#8221;display:flex;||align-items:center;||justify-content:center;&#8221; border_radii=&#8221;on|10px|10px|10px|10px&#8221; global_colors_info=&#8221;{}&#8221; dvmd_acat_aria_label=&#8221;Op\u00e9ration de fraisage CNC sur une grande pi\u00e8ce m\u00e9tallique cylindrique avec arrosage dans une installation de fabrication moderne&#8221; sticky_enabled=&#8221;0&#8243;]<\/p>\n<h1>Fraisage CNC<\/h1>\n<p>[\/et_pb_text][\/et_pb_column][\/et_pb_row][\/et_pb_section][et_pb_section fb_built=&#8221;1&#8243; _builder_version=&#8221;4.24.0&#8243; _module_preset=&#8221;default&#8221; global_colors_info=&#8221;{}&#8221;][et_pb_row column_structure=&#8221;1_2,1_2&#8243; _builder_version=&#8221;4.24.0&#8243; _module_preset=&#8221;default&#8221; global_colors_info=&#8221;{}&#8221;][et_pb_column type=&#8221;1_2&#8243; _builder_version=&#8221;4.24.0&#8243; _module_preset=&#8221;default&#8221; custom_css_main_element=&#8221;margin:auto;&#8221; global_colors_info=&#8221;{}&#8221;][et_pb_text _builder_version=&#8221;4.24.0&#8243; _module_preset=&#8221;default&#8221; global_colors_info=&#8221;{}&#8221;]<\/p>\n<h2>Nous pouvons fabriquer des pi\u00e8ces jusqu&#8217;\u00e0 60 000 kg<br \/>travailler avec pr\u00e9cision. Fabriqu\u00e9 en Allemagne.<\/h2>\n<p>[\/et_pb_text][et_pb_code _builder_version=&#8221;4.24.0&#8243; _module_preset=&#8221;default&#8221; global_colors_info=&#8221;{}&#8221;]<\/p>\n<div class=\"badge-container\"><!-- [et_pb_line_break_holder] --><\/p>\n<div class=\"badge badge-transparent\" style=\"color:#004B93;\"><span class=\"feinwerk-icon-arrow-up\"><\/span><!-- [et_pb_line_break_holder] --><span>de jusqu&#8217;\u00e0 60.000 kg <\/span><\/div>\n<p><!-- [et_pb_line_break_holder] --><\/p>\n<div class=\"badge badge-transparent\" style=\"color:#004B93;\"><span class=\"feinwerk-icon-expand\"><\/span><!-- [et_pb_line_break_holder] --><span>12.000 mm x 1.600 mm x 4.000 mm (x\/y\/z)<\/span><\/div>\n<p><!-- [et_pb_line_break_holder] --><\/p>\n<div class=\"badge badge-transparent\" style=\"color:#004B93;\"><span class=\"feinwerk-icon-screen\"><\/span><!-- [et_pb_line_break_holder] --><span>CAD\/CAM<\/span><\/div>\n<p><!-- [et_pb_line_break_holder] --><\/p>\n<div><\/div>\n<p><!-- [et_pb_line_break_holder] --><\/div>\n<p>[\/et_pb_code][\/et_pb_column][et_pb_column type=&#8221;1_2&#8243; _builder_version=&#8221;4.24.0&#8243; _module_preset=&#8221;default&#8221; custom_css_main_element=&#8221;margin:auto;&#8221; global_colors_info=&#8221;{}&#8221;][et_pb_text _builder_version=&#8221;4.24.0&#8243; _module_preset=&#8221;default&#8221; global_colors_info=&#8221;{}&#8221;]<\/p>\n<p>Feinwerk est fi\u00e8re d&#8217;\u00eatre l&#8217;une des rares entreprises en Allemagne \u00e0 pouvoir usiner de grandes pi\u00e8ces pesant jusqu&#8217;\u00e0 60.000 kg chacune. Cela est possible gr\u00e2ce \u00e0 notre fraisage CNC ultramoderne, bas\u00e9 sur des centres d&#8217;usinage \u00e9quip\u00e9s de tables tournantes \u00e0 commande num\u00e9rique. Nos machines ont une course allant jusqu&#8217;\u00e0 12.000 mm x 1.600 mm x 4.000 mm (x\/y\/z) et nous permettent d&#8217;usiner m\u00eame les plus grands composants, de mani\u00e8re pr\u00e9cise et efficace.<\/p>\n<p>[\/et_pb_text][\/et_pb_column][\/et_pb_row][et_pb_row column_structure=&#8221;1_2,1_2&#8243; make_equal=&#8221;on&#8221; _builder_version=&#8221;4.24.1&#8243; _module_preset=&#8221;default&#8221; global_colors_info=&#8221;{}&#8221;][et_pb_column type=&#8221;1_2&#8243; _builder_version=&#8221;4.24.1&#8243; _module_preset=&#8221;default&#8221; custom_padding=&#8221;20px||20px||true|false&#8221; custom_css_main_element=&#8221;margin:auto;&#8221; global_colors_info=&#8221;{}&#8221;][et_pb_code _builder_version=&#8221;4.27.4&#8243; _module_preset=&#8221;default&#8221; background_image=&#8221;https:\/\/www.feinwerk-technologies.de\/wp-content\/uploads\/2024\/01\/kopfmedia_feinwerk_cnc-fraesen-05.webp&#8221; height=&#8221;400px&#8221; hover_enabled=&#8221;0&#8243; border_radii=&#8221;on|10px|10px|10px|10px&#8221; global_colors_info=&#8221;{}&#8221; dvmd_acat_aria_label=&#8221;Pupitre de commande CNC avec \u00e9cran et \u00e9l\u00e9ments de commande d&#8217;une fraiseuse dans un environnement de fabrication&#8221; sticky_enabled=&#8221;0&#8243;][\/et_pb_code][\/et_pb_column][et_pb_column type=&#8221;1_2&#8243; _builder_version=&#8221;4.24.1&#8243; _module_preset=&#8221;default&#8221; custom_padding=&#8221;20px||20px||true|false&#8221; custom_css_main_element=&#8221;margin:auto;&#8221; global_colors_info=&#8221;{}&#8221;][et_pb_code _builder_version=&#8221;4.27.4&#8243; _module_preset=&#8221;default&#8221; background_image=&#8221;https:\/\/www.feinwerk-technologies.de\/wp-content\/uploads\/2024\/01\/kopfmedia_feinwerk_cnc-fraesen-08.webp&#8221; height=&#8221;400px&#8221; hover_enabled=&#8221;0&#8243; border_radii=&#8221;on|10px|10px|10px|10px&#8221; global_colors_info=&#8221;{}&#8221; dvmd_acat_aria_label=&#8221;Deux personnes travaillent ensemble sur des dessins techniques de construction sur une grande planche \u00e0 dessin.&#8221; sticky_enabled=&#8221;0&#8243;][\/et_pb_code][\/et_pb_column][\/et_pb_row][\/et_pb_section][et_pb_section fb_built=&#8221;1&#8243; _builder_version=&#8221;4.24.0&#8243; _module_preset=&#8221;default&#8221; custom_margin=&#8221;||||false|false&#8221; global_colors_info=&#8221;{}&#8221;][et_pb_row column_structure=&#8221;1_2,1_2&#8243; _builder_version=&#8221;4.24.1&#8243; _module_preset=&#8221;default&#8221; custom_padding=&#8221;45px||45px||true|false&#8221; global_colors_info=&#8221;{}&#8221; border_radii__hover_enabled=&#8221;off|desktop&#8221;][et_pb_column type=&#8221;1_2&#8243; _builder_version=&#8221;4.24.0&#8243; _module_preset=&#8221;default&#8221; custom_css_main_element=&#8221;margin: auto;&#8221; global_colors_info=&#8221;{}&#8221;][et_pb_text _builder_version=&#8221;4.24.0&#8243; _module_preset=&#8221;default&#8221; header_text_color=&#8221;gcid-5ea6f707-7589-495b-ac14-f55a09689654&#8243; global_colors_info=&#8221;{%22gcid-5ea6f707-7589-495b-ac14-f55a09689654%22:%91%22header_text_color%22%93}&#8221;]<\/p>\n<h2>Une expertise multisectorielle dans le fraisage CNC<\/h2>\n<p>[\/et_pb_text][\/et_pb_column][et_pb_column type=&#8221;1_2&#8243; _builder_version=&#8221;4.24.0&#8243; _module_preset=&#8221;default&#8221; custom_css_main_element=&#8221;margin: auto;&#8221; global_colors_info=&#8221;{}&#8221;][et_pb_text _builder_version=&#8221;4.24.0&#8243; _module_preset=&#8221;default&#8221; global_colors_info=&#8221;{}&#8221;]<\/p>\n<p>Du creusement de tunnels \u00e0 la construction de machines en passant par la technique des aci\u00e9ries, notre fraisage CNC est demand\u00e9 dans de nombreux secteurs. Nous comprenons les exigences sp\u00e9cifiques de chaque secteur et proposons des solutions sur mesure, adapt\u00e9es \u00e0 vos besoins.<\/p>\n<p>[\/et_pb_text][\/et_pb_column][\/et_pb_row][et_pb_row make_equal=&#8221;on&#8221; _builder_version=&#8221;4.24.1&#8243; _module_preset=&#8221;default&#8221; background_enable_color=&#8221;off&#8221; custom_margin=&#8221;0px|auto||auto|false|false&#8221; custom_padding=&#8221;0px||0px||true|false&#8221; global_colors_info=&#8221;{%22gcid-900d4a25-5d4d-4445-b994-67d8dc7f68c1%22:%91%22background_color%22%93}&#8221;][et_pb_column type=&#8221;4_4&#8243; _builder_version=&#8221;4.24.0&#8243; _module_preset=&#8221;default&#8221; custom_css_main_element=&#8221;margin: auto;&#8221; global_colors_info=&#8221;{}&#8221;][et_pb_code _builder_version=&#8221;4.24.0&#8243; _module_preset=&#8221;default&#8221; global_colors_info=&#8221;{}&#8221;]<\/p>\n<div class=\"badge-container\"><!-- [et_pb_line_break_holder] -->    <\/p>\n<div class=\"badge\" style=\"color:#004B93;\"><span class=\"feinwerk-icon-check\"><\/span><!-- [et_pb_line_break_holder] -->    <span>G\u00e9nie m\u00e9canique<\/span><\/div>\n<p><!-- [et_pb_line_break_holder] -->    <\/p>\n<div class=\"badge\" style=\"color:#004B93;\"><span class=\"feinwerk-icon-check\"><\/span><!-- [et_pb_line_break_holder] -->    <span>Technique de creusement de tunnels<\/span><\/div>\n<p><!-- [et_pb_line_break_holder] -->    <\/p>\n<div class=\"badge\" style=\"color:#004B93;\"><span class=\"feinwerk-icon-check\"><\/span><!-- [et_pb_line_break_holder] -->    <span>Technique de l&#8217;aci\u00e9rie<\/span><\/div>\n<p><!-- [et_pb_line_break_holder] -->    <\/p>\n<div class=\"badge\" style=\"color:#004B93;\"><span class=\"feinwerk-icon-check\"><\/span><!-- [et_pb_line_break_holder] -->    <span>Autres sur demande<\/span><\/div>\n<p><!-- [et_pb_line_break_holder] --><\/div>\n<p><!-- [et_pb_line_break_holder] -->[\/et_pb_code][\/et_pb_column][\/et_pb_row][\/et_pb_section][et_pb_section fb_built=&#8221;1&#8243; _builder_version=&#8221;4.24.0&#8243; _module_preset=&#8221;default&#8221; custom_margin=&#8221;||||false|false&#8221; global_colors_info=&#8221;{}&#8221;][et_pb_row column_structure=&#8221;1_2,1_2&#8243; _builder_version=&#8221;4.24.1&#8243; _module_preset=&#8221;default&#8221; custom_padding=&#8221;45px||45px||true|false&#8221; global_colors_info=&#8221;{}&#8221; border_radii__hover_enabled=&#8221;off|desktop&#8221;][et_pb_column type=&#8221;1_2&#8243; _builder_version=&#8221;4.24.0&#8243; _module_preset=&#8221;default&#8221; custom_css_main_element=&#8221;margin: auto;&#8221; global_colors_info=&#8221;{}&#8221;][et_pb_text _builder_version=&#8221;4.24.0&#8243; _module_preset=&#8221;default&#8221; header_text_color=&#8221;gcid-5ea6f707-7589-495b-ac14-f55a09689654&#8243; global_colors_info=&#8221;{%22gcid-5ea6f707-7589-495b-ac14-f55a09689654%22:%91%22header_text_color%22%93}&#8221;]<\/p>\n<h2>Nos success stories : <br \/>Des composants qui convainquent<\/h2>\n<p>[\/et_pb_text][et_pb_code _builder_version=&#8221;4.24.0&#8243; _module_preset=&#8221;default&#8221; global_colors_info=&#8221;{}&#8221;]<\/p>\n<div class=\"badge-container\"><!-- [et_pb_line_break_holder] --><\/p>\n<div class=\"badge badge-transparent\" style=\"color:#004B93;\"><span class=\"feinwerk-icon-expand\"><\/span><!-- [et_pb_line_break_holder] --><span>Pi\u00e8ces rotatives jusqu&#8217;\u00e0 1 600 mm de diam\u00e8tre<\/span><\/div>\n<p><!-- [et_pb_line_break_holder] --><!-- [et_pb_line_break_holder] --><\/div>\n<p>[\/et_pb_code][\/et_pb_column][et_pb_column type=&#8221;1_2&#8243; _builder_version=&#8221;4.24.0&#8243; _module_preset=&#8221;default&#8221; custom_css_main_element=&#8221;margin: auto;&#8221; global_colors_info=&#8221;{}&#8221;][et_pb_text _builder_version=&#8221;4.24.0&#8243; _module_preset=&#8221;default&#8221; global_colors_info=&#8221;{}&#8221;]<\/p>\n<p>Des douilles d&#8217;un diam\u00e8tre de 985 mm aux ch\u00e2ssis de machines complexes et aux composants d&#8217;aci\u00e9rie sp\u00e9cialis\u00e9s, nos r\u00e9f\u00e9rences en mati\u00e8re de pi\u00e8ces fabriqu\u00e9es parlent d&#8217;elles-m\u00eames. Chaque projet est r\u00e9alis\u00e9 avec une attention particuli\u00e8re \u00e0 la qualit\u00e9 et \u00e0 la pr\u00e9cision.<\/p>\n<p>[\/et_pb_text][\/et_pb_column][\/et_pb_row][et_pb_row column_structure=&#8221;1_4,1_4,1_4,1_4&#8243; make_equal=&#8221;on&#8221; _builder_version=&#8221;4.24.1&#8243; _module_preset=&#8221;default&#8221; custom_padding=&#8221;45px||45px||true|false&#8221; global_colors_info=&#8221;{}&#8221; border_radii__hover_enabled=&#8221;off|desktop&#8221;][et_pb_column type=&#8221;1_4&#8243; _builder_version=&#8221;4.24.1&#8243; _module_preset=&#8221;default&#8221; custom_padding=&#8221;20px||20px||true|false&#8221; custom_css_main_element=&#8221;margin: auto;&#8221; global_colors_info=&#8221;{}&#8221;][et_pb_code _builder_version=&#8221;4.27.4&#8243; _module_preset=&#8221;default&#8221; background_image=&#8221;https:\/\/www.feinwerk-technologies.de\/wp-content\/uploads\/2024\/01\/kopfmedia_feinwerk_cnc-fraesen-02.webp&#8221; height=&#8221;400px&#8221; height_tablet=&#8221;200px&#8221; height_phone=&#8221;200px&#8221; height_last_edited=&#8221;on|tablet&#8221; hover_enabled=&#8221;0&#8243; border_radii=&#8221;on|10px|10px|10px|10px&#8221; global_colors_info=&#8221;{}&#8221; dvmd_acat_aria_label=&#8221;Grande pi\u00e8ce frais\u00e9e CNC en cours d&#8217;usinage dans une machine de production industrielle&#8221; sticky_enabled=&#8221;0&#8243;][\/et_pb_code][\/et_pb_column][et_pb_column type=&#8221;1_4&#8243; _builder_version=&#8221;4.24.1&#8243; _module_preset=&#8221;default&#8221; custom_padding=&#8221;20px||20px||true|false&#8221; custom_css_main_element=&#8221;margin: auto;&#8221; global_colors_info=&#8221;{}&#8221;][et_pb_code _builder_version=&#8221;4.27.4&#8243; _module_preset=&#8221;default&#8221; background_image=&#8221;https:\/\/www.feinwerk-technologies.de\/wp-content\/uploads\/2024\/01\/kopfmedia_feinwerk_cnc-fraesen-06.webp&#8221; height=&#8221;400px&#8221; height_tablet=&#8221;200px&#8221; height_phone=&#8221;200px&#8221; height_last_edited=&#8221;on|tablet&#8221; hover_enabled=&#8221;0&#8243; border_radii=&#8221;on|10px|10px|10px|10px&#8221; global_colors_info=&#8221;{}&#8221; dvmd_acat_aria_label=&#8221;Vue int\u00e9rieure d&#8217;un r\u00e9cipient cylindrique m\u00e9tallique avec de nombreux trous et \u00e9clairage du plafond&#8221; sticky_enabled=&#8221;0&#8243;][\/et_pb_code][\/et_pb_column][et_pb_column type=&#8221;1_4&#8243; _builder_version=&#8221;4.24.1&#8243; _module_preset=&#8221;default&#8221; custom_padding=&#8221;20px||20px||true|false&#8221; global_colors_info=&#8221;{}&#8221;][et_pb_code _builder_version=&#8221;4.27.4&#8243; _module_preset=&#8221;default&#8221; background_image=&#8221;https:\/\/www.feinwerk-technologies.de\/wp-content\/uploads\/2024\/01\/kopfmedia_feinwerk_cnc-fraesen-03.webp&#8221; height=&#8221;400px&#8221; height_tablet=&#8221;200px&#8221; height_phone=&#8221;200px&#8221; height_last_edited=&#8221;on|tablet&#8221; hover_enabled=&#8221;0&#8243; border_radii=&#8221;on|10px|10px|10px|10px&#8221; global_colors_info=&#8221;{}&#8221; dvmd_acat_aria_label=&#8221;Dispositif de fraisage avec composant rond en acier fix\u00e9 dans un atelier industriel&#8221; sticky_enabled=&#8221;0&#8243;][\/et_pb_code][\/et_pb_column][et_pb_column type=&#8221;1_4&#8243; _builder_version=&#8221;4.24.1&#8243; _module_preset=&#8221;default&#8221; custom_padding=&#8221;20px||20px||true|false&#8221; custom_css_main_element=&#8221;margin: auto;&#8221; global_colors_info=&#8221;{}&#8221;][et_pb_code _builder_version=&#8221;4.27.4&#8243; _module_preset=&#8221;default&#8221; background_image=&#8221;https:\/\/www.feinwerk-technologies.de\/wp-content\/uploads\/2024\/01\/kopfmedia_feinwerk_cnc-fraesen-07.webp&#8221; height=&#8221;400px&#8221; height_tablet=&#8221;200px&#8221; height_phone=&#8221;200px&#8221; height_last_edited=&#8221;on|tablet&#8221; hover_enabled=&#8221;0&#8243; border_radii=&#8221;on|10px|10px|10px|10px&#8221; global_colors_info=&#8221;{}&#8221; dvmd_acat_aria_label=&#8221;Unit\u00e9 de soudage ou d&#8217;assemblage avec plusieurs raccords de tuyaux sur un \u00e9tabli dans un atelier de production&#8221; sticky_enabled=&#8221;0&#8243;][\/et_pb_code][\/et_pb_column][\/et_pb_row][\/et_pb_section][et_pb_section fb_built=&#8221;1&#8243; _builder_version=&#8221;4.24.0&#8243; _module_preset=&#8221;default&#8221; global_colors_info=&#8221;{}&#8221;][et_pb_row make_equal=&#8221;on&#8221; _builder_version=&#8221;4.24.0&#8243; _module_preset=&#8221;default&#8221; global_colors_info=&#8221;{}&#8221;][et_pb_column type=&#8221;4_4&#8243; _builder_version=&#8221;4.24.0&#8243; _module_preset=&#8221;default&#8221; custom_css_main_element=&#8221;margin:auto;&#8221; global_colors_info=&#8221;{}&#8221;][et_pb_text _builder_version=&#8221;4.24.0&#8243; _module_preset=&#8221;default&#8221; header_2_text_color=&#8221;gcid-5ea6f707-7589-495b-ac14-f55a09689654&#8243; global_colors_info=&#8221;{%22gcid-5ea6f707-7589-495b-ac14-f55a09689654%22:%91%22header_2_text_color%22%93}&#8221;]<\/p>\n<h2 style=\"text-align: center;\">Demandez maintenant votre projet \u00e0 feinwerk. <br \/>Gratuit &amp; sans engagement.<\/h2>\n<p>[\/et_pb_text][et_pb_text _builder_version=&#8221;4.24.0&#8243; _module_preset=&#8221;default&#8221; global_colors_info=&#8221;{}&#8221;]<\/p>\n<p style=\"text-align: center;\">\n    <a href=\"https:\/\/www.feinwerk-technologies.de\/fr\/contact\/\" class=\"btn-link\">Demander maintenant<\/a>\n<\/p>\n<p>[\/et_pb_text][\/et_pb_column][\/et_pb_row][\/et_pb_section][et_pb_section fb_built=&#8221;1&#8243; disabled_on=&#8221;on|on|on&#8221; _builder_version=&#8221;4.24.0&#8243; _module_preset=&#8221;default&#8221; disabled=&#8221;on&#8221; global_colors_info=&#8221;{}&#8221;][et_pb_row _builder_version=&#8221;4.24.0&#8243; _module_preset=&#8221;default&#8221; global_colors_info=&#8221;{}&#8221;][et_pb_column type=&#8221;4_4&#8243; _builder_version=&#8221;4.24.0&#8243; _module_preset=&#8221;default&#8221; global_colors_info=&#8221;{}&#8221;][et_pb_text disabled_on=&#8221;on|on|on&#8221; _builder_version=&#8221;4.24.0&#8243; _module_preset=&#8221;default&#8221; disabled=&#8221;on&#8221; global_colors_info=&#8221;{}&#8221;]<\/p>\n<h2>FAQ<\/h2>\n<p>[\/et_pb_text][et_pb_code _builder_version=&#8221;4.24.0&#8243; _module_preset=&#8221;default&#8221; global_colors_info=&#8221;{}&#8221;]<div id=\"vue-wordpress-app-129b0b4a-5c24-427d-a472-6b70860f22f7\" data-app-url=\"https:\/\/www.feinwerk-technologies.de\" data-fcaptcha-sitekey=\"FCMHA65IB64SV3PL\" data-component=\"faq-row\" data-faqrow=\"{&quot;showOptions&quot;:false,&quot;hideSearch&quot;:true,&quot;activeCategories&quot;:[&quot;cnc-milling&quot;]}\"><\/div>[\/et_pb_code][\/et_pb_column][\/et_pb_row][\/et_pb_section][et_pb_section fb_built=&#8221;1&#8243; _builder_version=&#8221;4.24.0&#8243; _module_preset=&#8221;default&#8221; custom_margin=&#8221;||||false|false&#8221; global_colors_info=&#8221;{}&#8221;][et_pb_row make_equal=&#8221;on&#8221; _builder_version=&#8221;4.24.0&#8243; _module_preset=&#8221;default&#8221; global_colors_info=&#8221;{}&#8221;][et_pb_column type=&#8221;4_4&#8243; _builder_version=&#8221;4.24.0&#8243; _module_preset=&#8221;default&#8221; custom_css_main_element=&#8221;margin: auto;&#8221; global_colors_info=&#8221;{}&#8221;][et_pb_code _builder_version=&#8221;4.24.0&#8243; _module_preset=&#8221;default&#8221; global_colors_info=&#8221;{}&#8221;][\/et_pb_code][et_pb_code _builder_version=&#8221;4.27.4&#8243; _module_preset=&#8221;default&#8221; hover_enabled=&#8221;0&#8243; global_colors_info=&#8221;{}&#8221; dvmd_acat_aria_label=&#8221;Photos des interlocuteurs sur le th\u00e8me du fraisage CNC&#8221; sticky_enabled=&#8221;0&#8243;]<\/p>\n<div class=\"contact-section-row\"><!-- [et_pb_line_break_holder] -->  <\/p>\n<div class=\"contact-section-row-item\"><!-- [et_pb_line_break_holder] -->  <\/p>\n<h2>D&#8217;autres questions ?<\/h2>\n<p><!-- [et_pb_line_break_holder] -->  <\/p>\n<h2>Nous sommes l\u00e0 pour vous.<\/h2>\n<p><!-- [et_pb_line_break_holder] -->  <\/div>\n<p><!-- [et_pb_line_break_holder] -->  <\/p>\n<div class=\"contact-section-row-item\"><!-- [et_pb_line_break_holder] -->   <div id=\"vue-wordpress-app-2cdec233-3110-4c1e-8779-f90ca34ec3f0\" data-app-url=\"https:\/\/www.feinwerk-technologies.de\" data-fcaptcha-sitekey=\"FCMHA65IB64SV3PL\" data-component=\"contact-section\" data-contactsection=\"{&quot;categories&quot;:[&quot;cnc&quot;]}\"><\/div><!-- [et_pb_line_break_holder] -->  <\/div>\n<p><!-- [et_pb_line_break_holder] --><\/div>\n<p>[\/et_pb_code][\/et_pb_column][\/et_pb_row][\/et_pb_section]<\/p>\n","protected":false},"excerpt":{"rendered":"<p>Fraisage CNCNous pouvons fabriquer des pi\u00e8ces jusqu&#8217;\u00e0 60 000 kgtravailler avec pr\u00e9cision. Fabriqu\u00e9 en Allemagne.Feinwerk est fi\u00e8re d&#8217;\u00eatre l&#8217;une des rares entreprises en Allemagne \u00e0 pouvoir usiner de grandes pi\u00e8ces pesant jusqu&#8217;\u00e0 60.000 kg chacune. Cela est possible gr\u00e2ce \u00e0 notre fraisage CNC ultramoderne, bas\u00e9 sur des centres d&#8217;usinage \u00e9quip\u00e9s de tables tournantes \u00e0 commande [&hellip;]<\/p>\n","protected":false},"author":1,"featured_media":562,"parent":0,"menu_order":0,"comment_status":"closed","ping_status":"closed","template":"","meta":{"_acf_changed":false,"_et_pb_use_builder":"on","_et_pb_old_content":"","_et_gb_content_width":"","inline_featured_image":false,"footnotes":""},"class_list":["post-1056","page","type-page","status-publish","has-post-thumbnail","hentry"],"acf":[],"tag_names":[],"category_names":[],"thumbnail":"https:\/\/www.feinwerk-technologies.de\/wp-content\/uploads\/2024\/01\/kopfmedia_feinwerk_cnc-fraesen-04.webp","_links":{"self":[{"href":"https:\/\/www.feinwerk-technologies.de\/fr\/wp-json\/wp\/v2\/pages\/1056","targetHints":{"allow":["GET"]}}],"collection":[{"href":"https:\/\/www.feinwerk-technologies.de\/fr\/wp-json\/wp\/v2\/pages"}],"about":[{"href":"https:\/\/www.feinwerk-technologies.de\/fr\/wp-json\/wp\/v2\/types\/page"}],"author":[{"embeddable":true,"href":"https:\/\/www.feinwerk-technologies.de\/fr\/wp-json\/wp\/v2\/users\/1"}],"replies":[{"embeddable":true,"href":"https:\/\/www.feinwerk-technologies.de\/fr\/wp-json\/wp\/v2\/comments?post=1056"}],"version-history":[{"count":20,"href":"https:\/\/www.feinwerk-technologies.de\/fr\/wp-json\/wp\/v2\/pages\/1056\/revisions"}],"predecessor-version":[{"id":2325,"href":"https:\/\/www.feinwerk-technologies.de\/fr\/wp-json\/wp\/v2\/pages\/1056\/revisions\/2325"}],"wp:featuredmedia":[{"embeddable":true,"href":"https:\/\/www.feinwerk-technologies.de\/fr\/wp-json\/wp\/v2\/media\/562"}],"wp:attachment":[{"href":"https:\/\/www.feinwerk-technologies.de\/fr\/wp-json\/wp\/v2\/media?parent=1056"}],"curies":[{"name":"wp","href":"https:\/\/api.w.org\/{rel}","templated":true}]}}