{"id":1053,"date":"2024-01-25T09:25:30","date_gmt":"2024-01-25T08:25:30","guid":{"rendered":"https:\/\/feinwerk.kopfmedia.systems\/tournage-cnc\/"},"modified":"2025-12-04T10:47:36","modified_gmt":"2025-12-04T09:47:36","slug":"tournage-cnc","status":"publish","type":"page","link":"https:\/\/www.feinwerk-technologies.de\/fr\/tournage-cnc\/","title":{"rendered":"Tournage CNC"},"content":{"rendered":"<p>[et_pb_section fb_built=&#8221;1&#8243; _builder_version=&#8221;4.24.0&#8243; _module_preset=&#8221;default&#8221; custom_margin=&#8221;||||false|false&#8221; global_colors_info=&#8221;{}&#8221;][et_pb_row _builder_version=&#8221;4.24.1&#8243; _module_preset=&#8221;default&#8221; min_height=&#8221;600px&#8221; min_height_tablet=&#8221;400px&#8221; min_height_phone=&#8221;400px&#8221; min_height_last_edited=&#8221;on|tablet&#8221; custom_margin=&#8221;|auto||auto|false|false&#8221; custom_margin_tablet=&#8221;40px||||false|false&#8221; custom_margin_phone=&#8221;40px||||false|false&#8221; custom_margin_last_edited=&#8221;on|tablet&#8221; custom_padding=&#8221;45px||45px||true|false&#8221; global_colors_info=&#8221;{}&#8221;][et_pb_column type=&#8221;4_4&#8243; _builder_version=&#8221;4.24.1&#8243; _module_preset=&#8221;default&#8221; global_colors_info=&#8221;{}&#8221;][et_pb_text _builder_version=&#8221;4.27.4&#8243; _module_preset=&#8221;default&#8221; header_text_color=&#8221;#FFFFFF&#8221; use_background_color_gradient=&#8221;on&#8221; background_color_gradient_stops=&#8221;rgba(0,0,0,0.2) 0%|rgba(0,0,0,0.2) 100%&#8221; background_color_gradient_overlays_image=&#8221;on&#8221; background_image=&#8221;https:\/\/www.feinwerk-technologies.de\/wp-content\/uploads\/2024\/01\/kopfmedia_feinwerk_cnc-drehen-03.webp&#8221; min_height=&#8221;600px&#8221; min_height_tablet=&#8221;400px&#8221; min_height_phone=&#8221;400px&#8221; min_height_last_edited=&#8221;on|phone&#8221; custom_margin=&#8221;||||false|false&#8221; custom_padding=&#8221;||||false|false&#8221; hover_enabled=&#8221;0&#8243; custom_css_main_element=&#8221;display:flex;||align-items:center;||justify-content:center;&#8221; border_radii=&#8221;on|10px|10px|10px|10px&#8221; global_colors_info=&#8221;{}&#8221; dvmd_acat_aria_label=&#8221;Vue d\u00e9taill\u00e9e d&#8217;un tour CNC usinant une pi\u00e8ce m\u00e9tallique, avec une surface visiblement lisse et un outil fix\u00e9.&#8221; sticky_enabled=&#8221;0&#8243;]<\/p>\n<h1>Tournage CNC<\/h1>\n<p>[\/et_pb_text][\/et_pb_column][\/et_pb_row][\/et_pb_section][et_pb_section fb_built=&#8221;1&#8243; _builder_version=&#8221;4.24.0&#8243; _module_preset=&#8221;default&#8221; global_colors_info=&#8221;{}&#8221;][et_pb_row column_structure=&#8221;1_2,1_2&#8243; _builder_version=&#8221;4.24.0&#8243; _module_preset=&#8221;default&#8221; global_colors_info=&#8221;{}&#8221;][et_pb_column type=&#8221;1_2&#8243; _builder_version=&#8221;4.24.0&#8243; _module_preset=&#8221;default&#8221; custom_css_main_element=&#8221;margin:auto;&#8221; global_colors_info=&#8221;{}&#8221;][et_pb_text _builder_version=&#8221;4.24.0&#8243; _module_preset=&#8221;default&#8221; global_colors_info=&#8221;{}&#8221;]<\/p>\n<h2>Nous pouvons transporter jusqu&#8217;\u00e0 5 000 kg <br \/>tourner le poids unitaire<\/h2>\n<p>[\/et_pb_text][et_pb_code _builder_version=&#8221;4.24.0&#8243; _module_preset=&#8221;default&#8221; global_colors_info=&#8221;{}&#8221;]<\/p>\n<div class=\"badge-container\"><!-- [et_pb_line_break_holder] --><\/p>\n<div class=\"badge badge-transparent\" style=\"color:#004B93;\"><span class=\"feinwerk-icon-arrow-right\"><\/span><!-- [et_pb_line_break_holder] --><span>5050 mm de longueur<\/span><\/div>\n<p><!-- [et_pb_line_break_holder] --><\/p>\n<div class=\"badge badge-transparent\" style=\"color:#004B93;\"><span class=\"feinwerk-icon-expand\"><\/span><!-- [et_pb_line_break_holder] --><span>750 mm Diam\u00e8tre de rotation<\/span><\/div>\n<p><!-- [et_pb_line_break_holder] --><\/p>\n<div class=\"badge badge-transparent\" style=\"color:#004B93;\"><span class=\"feinwerk-icon-expand\"><\/span><!-- [et_pb_line_break_holder] --><span>jusqu&#8217;\u00e0 5.000 kg<\/span><\/div>\n<p><!-- [et_pb_line_break_holder] --><\/p>\n<div><\/div>\n<p><!-- [et_pb_line_break_holder] --><\/div>\n<p>[\/et_pb_code][\/et_pb_column][et_pb_column type=&#8221;1_2&#8243; _builder_version=&#8221;4.24.0&#8243; _module_preset=&#8221;default&#8221; custom_css_main_element=&#8221;margin:auto;&#8221; global_colors_info=&#8221;{}&#8221;][et_pb_text _builder_version=&#8221;4.24.0&#8243; _module_preset=&#8221;default&#8221; global_colors_info=&#8221;{}&#8221;]<\/p>\n<p>Nous sommes en mesure d&#8217;usiner des pi\u00e8ces tourn\u00e9es d&#8217;un diam\u00e8tre de 10 mm \u00e0 un diam\u00e8tre de 750 x 5050 mm de longueur et d&#8217;un poids unitaire allant jusqu&#8217;\u00e0 5.000 kg. Nos collaborateurs sont en mesure de r\u00e9aliser les projets les plus exigeants avec la plus grande pr\u00e9cision.<\/p>\n<p>[\/et_pb_text][\/et_pb_column][\/et_pb_row][et_pb_row column_structure=&#8221;1_2,1_2&#8243; make_equal=&#8221;on&#8221; _builder_version=&#8221;4.24.1&#8243; _module_preset=&#8221;default&#8221; global_colors_info=&#8221;{}&#8221;][et_pb_column type=&#8221;1_2&#8243; _builder_version=&#8221;4.24.1&#8243; _module_preset=&#8221;default&#8221; custom_padding=&#8221;20px||20px||true|false&#8221; custom_css_main_element=&#8221;margin:auto;&#8221; global_colors_info=&#8221;{}&#8221;][et_pb_code _builder_version=&#8221;4.27.4&#8243; _module_preset=&#8221;default&#8221; background_image=&#8221;https:\/\/www.feinwerk-technologies.de\/wp-content\/uploads\/2024\/01\/kopfmedia_feinwerk_cnc-drehen-04.webp&#8221; height=&#8221;400px&#8221; hover_enabled=&#8221;0&#8243; border_radii=&#8221;on|10px|10px|10px|10px&#8221; global_colors_info=&#8221;{}&#8221; dvmd_acat_aria_label=&#8221;Pi\u00e8ce m\u00e9tallique cylindrique \u00e0 rotation rapide dans un tour CNC, entour\u00e9e d&#8217;un environnement d&#8217;usinage industriel&#8221; sticky_enabled=&#8221;0&#8243;][\/et_pb_code][\/et_pb_column][et_pb_column type=&#8221;1_2&#8243; _builder_version=&#8221;4.24.1&#8243; _module_preset=&#8221;default&#8221; custom_padding=&#8221;20px||20px||true|false&#8221; custom_css_main_element=&#8221;margin:auto;&#8221; global_colors_info=&#8221;{}&#8221;][et_pb_code _builder_version=&#8221;4.27.4&#8243; _module_preset=&#8221;default&#8221; background_image=&#8221;https:\/\/www.feinwerk-technologies.de\/wp-content\/uploads\/2024\/01\/kopfmedia_feinwerk_cnc-drehen-02.webp&#8221; height=&#8221;400px&#8221; hover_enabled=&#8221;0&#8243; border_radii=&#8221;on|10px|10px|10px|10px&#8221; global_colors_info=&#8221;{}&#8221; dvmd_acat_aria_label=&#8221;Usinage du m\u00e9tal d&#8217;une bague m\u00e9tallique creuse dans une machine CNC avec des \u00e9claboussures de liquide de refroidissement visibles pendant la coupe au tour&#8221; sticky_enabled=&#8221;0&#8243;][\/et_pb_code][\/et_pb_column][\/et_pb_row][\/et_pb_section][et_pb_section fb_built=&#8221;1&#8243; _builder_version=&#8221;4.24.0&#8243; _module_preset=&#8221;default&#8221; custom_margin=&#8221;||||false|false&#8221; global_colors_info=&#8221;{}&#8221;][et_pb_row column_structure=&#8221;1_2,1_2&#8243; _builder_version=&#8221;4.24.0&#8243; _module_preset=&#8221;default&#8221; custom_padding=&#8221;45px||45px||true|true&#8221; global_colors_info=&#8221;{}&#8221; border_radii__hover_enabled=&#8221;off|desktop&#8221;][et_pb_column type=&#8221;1_2&#8243; _builder_version=&#8221;4.24.0&#8243; _module_preset=&#8221;default&#8221; custom_css_main_element=&#8221;margin: auto;&#8221; global_colors_info=&#8221;{}&#8221;][et_pb_text _builder_version=&#8221;4.24.0&#8243; _module_preset=&#8221;default&#8221; header_text_color=&#8221;gcid-5ea6f707-7589-495b-ac14-f55a09689654&#8243; global_colors_info=&#8221;{%22gcid-5ea6f707-7589-495b-ac14-f55a09689654%22:%91%22header_text_color%22%93}&#8221;]<\/p>\n<h2>Des solutions sur mesure pour vos pi\u00e8ces tourn\u00e9es CNC<\/h2>\n<p>[\/et_pb_text][\/et_pb_column][et_pb_column type=&#8221;1_2&#8243; _builder_version=&#8221;4.24.0&#8243; _module_preset=&#8221;default&#8221; custom_css_main_element=&#8221;margin: auto;&#8221; global_colors_info=&#8221;{}&#8221;][et_pb_text _builder_version=&#8221;4.24.0&#8243; _module_preset=&#8221;default&#8221; global_colors_info=&#8221;{}&#8221;]<\/p>\n<p>De l&#8217;usinage de chemises de cylindres et de douilles aux formes sp\u00e9ciales comme les moules \u00e0 pain de sucre ou les buses de lance, nos op\u00e9rations de tournage CNC sont aussi vari\u00e9es que vos exigences. Chaque pi\u00e8ce qui quitte notre atelier t\u00e9moigne de notre d\u00e9vouement \u00e0 la qualit\u00e9 et \u00e0 la pr\u00e9cision.<\/p>\n<p>[\/et_pb_text][\/et_pb_column][\/et_pb_row][et_pb_row make_equal=&#8221;on&#8221; _builder_version=&#8221;4.24.0&#8243; _module_preset=&#8221;default&#8221; background_enable_color=&#8221;off&#8221; custom_margin=&#8221;0px|auto||auto|false|false&#8221; custom_padding=&#8221;0px||0px||true|true&#8221; global_colors_info=&#8221;{%22gcid-900d4a25-5d4d-4445-b994-67d8dc7f68c1%22:%91%22background_color%22%93}&#8221;][et_pb_column type=&#8221;4_4&#8243; _builder_version=&#8221;4.24.0&#8243; _module_preset=&#8221;default&#8221; custom_css_main_element=&#8221;margin: auto;&#8221; global_colors_info=&#8221;{}&#8221;][et_pb_code _builder_version=&#8221;4.24.0&#8243; _module_preset=&#8221;default&#8221; global_colors_info=&#8221;{}&#8221;]<\/p>\n<div class=\"badge-container\"><!-- [et_pb_line_break_holder] --><\/p>\n<div class=\"badge\" style=\"color:#004B93;\"><span class=\"feinwerk-icon-check\"><\/span><!-- [et_pb_line_break_holder] --><span>Manteaux cylindriques<\/span><\/div>\n<p><!-- [et_pb_line_break_holder] --><\/p>\n<div class=\"badge\" style=\"color:#004B93;\"><span class=\"feinwerk-icon-check\"><\/span><!-- [et_pb_line_break_holder] --><span>Douilles<\/span><\/div>\n<p><!-- [et_pb_line_break_holder] --><\/p>\n<div class=\"badge\" style=\"color:#004B93;\"><span class=\"feinwerk-icon-check\"><\/span><!-- [et_pb_line_break_holder] --><span>Chargement de la grue<\/span><\/div>\n<p><!-- [et_pb_line_break_holder] --><\/p>\n<div class=\"badge\" style=\"color:#004B93;\"><span class=\"feinwerk-icon-check\"><\/span><!-- [et_pb_line_break_holder] --><span>Moules \u00e0 pain de sucre<\/span><\/div>\n<p><!-- [et_pb_line_break_holder] --><\/p>\n<div class=\"badge\" style=\"color:#004B93;\"><span class=\"feinwerk-icon-check\"><\/span><!-- [et_pb_line_break_holder] --><span>Buses de lance<\/span><\/div>\n<p><!-- [et_pb_line_break_holder] --><\/p>\n<div class=\"badge\" style=\"color:#004B93;\"><span class=\"feinwerk-icon-check\"><\/span><!-- [et_pb_line_break_holder] --><span>formes sp\u00e9ciales<\/span><\/div>\n<p><!-- [et_pb_line_break_holder] --><\/div>\n<p>[\/et_pb_code][\/et_pb_column][\/et_pb_row][et_pb_row column_structure=&#8221;1_4,1_4,1_4,1_4&#8243; make_equal=&#8221;on&#8221; _builder_version=&#8221;4.24.1&#8243; _module_preset=&#8221;default&#8221; custom_padding=&#8221;45px||45px||true|true&#8221; global_colors_info=&#8221;{}&#8221; border_radii__hover_enabled=&#8221;off|desktop&#8221;][et_pb_column type=&#8221;1_4&#8243; _builder_version=&#8221;4.24.1&#8243; _module_preset=&#8221;default&#8221; custom_padding=&#8221;20px||20px||true|false&#8221; custom_css_main_element=&#8221;margin: auto;&#8221; global_colors_info=&#8221;{}&#8221;][et_pb_code _builder_version=&#8221;4.27.4&#8243; _module_preset=&#8221;default&#8221; background_image=&#8221;https:\/\/www.feinwerk-technologies.de\/wp-content\/uploads\/2024\/01\/kopfmedia_feinwerk_cnc-drehen-07.webp&#8221; height=&#8221;400px&#8221; height_tablet=&#8221;200px&#8221; height_phone=&#8221;200px&#8221; height_last_edited=&#8221;on|tablet&#8221; hover_enabled=&#8221;0&#8243; border_radii=&#8221;on|10px|10px|10px|10px&#8221; global_colors_info=&#8221;{}&#8221; dvmd_acat_aria_label=&#8221;Deux manchons m\u00e9talliques cylindriques de tailles diff\u00e9rentes, usin\u00e9s par CNC, avec une surface brillante&#8221; sticky_enabled=&#8221;0&#8243;][\/et_pb_code][\/et_pb_column][et_pb_column type=&#8221;1_4&#8243; _builder_version=&#8221;4.24.1&#8243; _module_preset=&#8221;default&#8221; custom_padding=&#8221;20px||20px||true|false&#8221; custom_css_main_element=&#8221;margin: auto;&#8221; global_colors_info=&#8221;{}&#8221;][et_pb_code _builder_version=&#8221;4.27.4&#8243; _module_preset=&#8221;default&#8221; background_image=&#8221;https:\/\/www.feinwerk-technologies.de\/wp-content\/uploads\/2024\/01\/kopfmedia_feinwerk_cnc-drehen-08.webp&#8221; height=&#8221;400px&#8221; height_tablet=&#8221;200px&#8221; height_phone=&#8221;200px&#8221; height_last_edited=&#8221;on|tablet&#8221; hover_enabled=&#8221;0&#8243; border_radii=&#8221;on|10px|10px|10px|10px&#8221; global_colors_info=&#8221;{}&#8221; dvmd_acat_aria_label=&#8221;Pi\u00e8ces tourn\u00e9es CNC de couleur cuivre \u00e0 g\u00e9om\u00e9trie complexe, dont une pi\u00e8ce cylindrique et un \u00e9l\u00e9ment plat anguleux&#8221; sticky_enabled=&#8221;0&#8243;][\/et_pb_code][\/et_pb_column][et_pb_column type=&#8221;1_4&#8243; _builder_version=&#8221;4.24.1&#8243; _module_preset=&#8221;default&#8221; custom_padding=&#8221;20px||20px||true|false&#8221; global_colors_info=&#8221;{}&#8221;][et_pb_code _builder_version=&#8221;4.27.4&#8243; _module_preset=&#8221;default&#8221; background_image=&#8221;https:\/\/www.feinwerk-technologies.de\/wp-content\/uploads\/2024\/01\/kopfmedia_feinwerk_cnc-drehen-06.webp&#8221; height=&#8221;400px&#8221; height_tablet=&#8221;200px&#8221; height_phone=&#8221;200px&#8221; height_last_edited=&#8221;on|tablet&#8221; hover_enabled=&#8221;0&#8243; border_radii=&#8221;on|10px|10px|10px|10px&#8221; global_colors_info=&#8221;{}&#8221; dvmd_acat_aria_label=&#8221;Trois composants usin\u00e9s CNC en cuivre et en acier inoxydable sur fond noir, centr\u00e9s sur un composant haut \u00e0 la structure \u00e9tag\u00e9e&#8221; sticky_enabled=&#8221;0&#8243;][\/et_pb_code][\/et_pb_column][et_pb_column type=&#8221;1_4&#8243; _builder_version=&#8221;4.24.1&#8243; _module_preset=&#8221;default&#8221; custom_padding=&#8221;20px||20px||true|false&#8221; custom_css_main_element=&#8221;margin: auto;&#8221; global_colors_info=&#8221;{}&#8221;][et_pb_code _builder_version=&#8221;4.27.4&#8243; _module_preset=&#8221;default&#8221; background_image=&#8221;https:\/\/www.feinwerk-technologies.de\/wp-content\/uploads\/2024\/01\/kopfmedia_feinwerk_cnc-drehen-09.webp&#8221; height=&#8221;400px&#8221; height_tablet=&#8221;200px&#8221; height_phone=&#8221;200px&#8221; height_last_edited=&#8221;on|tablet&#8221; hover_enabled=&#8221;0&#8243; border_radii=&#8221;on|10px|10px|10px|10px&#8221; global_colors_info=&#8221;{}&#8221; dvmd_acat_aria_label=&#8221;Trois composants usin\u00e9s CNC en cuivre et en acier inoxydable sur fond noir, centr\u00e9s sur un composant haut \u00e0 la structure \u00e9tag\u00e9e&#8221; sticky_enabled=&#8221;0&#8243;][\/et_pb_code][\/et_pb_column][\/et_pb_row][\/et_pb_section][et_pb_section fb_built=&#8221;1&#8243; _builder_version=&#8221;4.24.0&#8243; _module_preset=&#8221;default&#8221; custom_margin=&#8221;||||false|false&#8221; global_colors_info=&#8221;{}&#8221;][et_pb_row column_structure=&#8221;1_2,1_2&#8243; _builder_version=&#8221;4.24.0&#8243; _module_preset=&#8221;default&#8221; custom_padding=&#8221;45px|0px|45px|0px|true|true&#8221; global_colors_info=&#8221;{}&#8221; border_radii__hover_enabled=&#8221;off|desktop&#8221;][et_pb_column type=&#8221;1_2&#8243; _builder_version=&#8221;4.24.0&#8243; _module_preset=&#8221;default&#8221; custom_css_main_element=&#8221;margin: auto;&#8221; global_colors_info=&#8221;{}&#8221;][et_pb_text _builder_version=&#8221;4.24.0&#8243; _module_preset=&#8221;default&#8221; header_text_color=&#8221;gcid-5ea6f707-7589-495b-ac14-f55a09689654&#8243; header_5_text_color=&#8221;gcid-5ea6f707-7589-495b-ac14-f55a09689654&#8243; global_colors_info=&#8221;{%22gcid-5ea6f707-7589-495b-ac14-f55a09689654%22:%91%22header_text_color%22,%22header_5_text_color%22%93}&#8221;]<\/p>\n<h2>Une technologie de pointe pour des r\u00e9sultats optimaux<\/h2>\n<h5><span class=\"feinwerk-icon-cnc-turning\"><\/span> DOOSAN PUMA 700XLY II<\/h5>\n<p>[\/et_pb_text][\/et_pb_column][et_pb_column type=&#8221;1_2&#8243; _builder_version=&#8221;4.24.0&#8243; _module_preset=&#8221;default&#8221; custom_css_main_element=&#8221;margin: auto;&#8221; global_colors_info=&#8221;{}&#8221;][et_pb_text _builder_version=&#8221;4.24.0&#8243; _module_preset=&#8221;default&#8221; global_colors_info=&#8221;{}&#8221;]<\/p>\n<p>Notre parc de machines, y compris des mod\u00e8les avanc\u00e9s comme la DOOSAN PUMA 700XLY II, constitue le c\u0153ur de nos op\u00e9rations de tournage CNC. Dans notre liste de machines, vous trouverez des informations d\u00e9taill\u00e9es sur notre parc de machines. Venez vous convaincre de nos capacit\u00e9s !<\/p>\n<p>[\/et_pb_text][\/et_pb_column][\/et_pb_row][et_pb_row column_structure=&#8221;1_2,1_2&#8243; make_equal=&#8221;on&#8221; _builder_version=&#8221;4.24.1&#8243; _module_preset=&#8221;default&#8221; global_colors_info=&#8221;{}&#8221;][et_pb_column type=&#8221;1_2&#8243; _builder_version=&#8221;4.24.1&#8243; _module_preset=&#8221;default&#8221; custom_padding=&#8221;20px||20px||true|false&#8221; custom_css_main_element=&#8221;margin:auto;&#8221; global_colors_info=&#8221;{}&#8221;][et_pb_code _builder_version=&#8221;4.27.4&#8243; _module_preset=&#8221;default&#8221; background_image=&#8221;https:\/\/www.feinwerk-technologies.de\/wp-content\/uploads\/2024\/01\/kopfmedia_feinwerk_cnc-drehen-05.webp&#8221; height=&#8221;400px&#8221; hover_enabled=&#8221;0&#8243; border_radii=&#8221;on|10px|10px|10px|10px&#8221; global_colors_info=&#8221;{}&#8221; dvmd_acat_aria_label=&#8221;Un employ\u00e9 se tient devant un grand tour CNC de type Doosan Puma 700XLY II et utilise le panneau de contr\u00f4le&#8221; sticky_enabled=&#8221;0&#8243;][\/et_pb_code][\/et_pb_column][et_pb_column type=&#8221;1_2&#8243; _builder_version=&#8221;4.24.1&#8243; _module_preset=&#8221;default&#8221; custom_padding=&#8221;20px||20px||true|false&#8221; custom_css_main_element=&#8221;margin:auto;&#8221; global_colors_info=&#8221;{}&#8221;][et_pb_code _builder_version=&#8221;4.27.4&#8243; _module_preset=&#8221;default&#8221; background_image=&#8221;https:\/\/www.feinwerk-technologies.de\/wp-content\/uploads\/2024\/01\/kopfmedia_feinwerk_cnc-drehen-01.webp&#8221; height=&#8221;400px&#8221; hover_enabled=&#8221;0&#8243; border_radii=&#8221;on|10px|10px|10px|10px&#8221; global_colors_info=&#8221;{}&#8221; dvmd_acat_aria_label=&#8221;Vue int\u00e9rieure d&#8217;un tour CNC avec une pi\u00e8ce serr\u00e9e dans un dispositif de serrage, pr\u00eate pour l&#8217;usinage&#8221; sticky_enabled=&#8221;0&#8243;][\/et_pb_code][\/et_pb_column][\/et_pb_row][\/et_pb_section][et_pb_section fb_built=&#8221;1&#8243; _builder_version=&#8221;4.24.0&#8243; _module_preset=&#8221;default&#8221; global_colors_info=&#8221;{}&#8221;][et_pb_row make_equal=&#8221;on&#8221; _builder_version=&#8221;4.24.0&#8243; _module_preset=&#8221;default&#8221; global_colors_info=&#8221;{}&#8221;][et_pb_column type=&#8221;4_4&#8243; _builder_version=&#8221;4.24.0&#8243; _module_preset=&#8221;default&#8221; custom_css_main_element=&#8221;margin:auto;&#8221; global_colors_info=&#8221;{}&#8221;][et_pb_text _builder_version=&#8221;4.24.0&#8243; _module_preset=&#8221;default&#8221; header_2_text_color=&#8221;gcid-5ea6f707-7589-495b-ac14-f55a09689654&#8243; global_colors_info=&#8221;{%22gcid-5ea6f707-7589-495b-ac14-f55a09689654%22:%91%22header_2_text_color%22%93}&#8221;]<\/p>\n<h2 style=\"text-align: center;\">Demandez maintenant votre projet \u00e0 feinwerk. <br \/>Gratuit &amp; sans engagement.<\/h2>\n<p>[\/et_pb_text][et_pb_text _builder_version=&#8221;4.24.0&#8243; _module_preset=&#8221;default&#8221; global_colors_info=&#8221;{}&#8221;]<\/p>\n<p style=\"text-align: center;\">\n    <a href=\"https:\/\/www.feinwerk-technologies.de\/fr\/contact\/\" class=\"btn-link\">Demander maintenant<\/a>\n<\/p>\n<p>[\/et_pb_text][\/et_pb_column][\/et_pb_row][\/et_pb_section][et_pb_section fb_built=&#8221;1&#8243; disabled_on=&#8221;on|on|on&#8221; _builder_version=&#8221;4.24.0&#8243; _module_preset=&#8221;default&#8221; disabled=&#8221;on&#8221; global_colors_info=&#8221;{}&#8221;][et_pb_row _builder_version=&#8221;4.24.0&#8243; _module_preset=&#8221;default&#8221; global_colors_info=&#8221;{}&#8221;][et_pb_column type=&#8221;4_4&#8243; _builder_version=&#8221;4.24.0&#8243; _module_preset=&#8221;default&#8221; global_colors_info=&#8221;{}&#8221;][et_pb_text _builder_version=&#8221;4.24.0&#8243; _module_preset=&#8221;default&#8221; global_colors_info=&#8221;{}&#8221;]<\/p>\n<h2>FAQ<\/h2>\n<p>[\/et_pb_text][et_pb_code _builder_version=&#8221;4.24.0&#8243; _module_preset=&#8221;default&#8221; global_colors_info=&#8221;{}&#8221;]<div id=\"vue-wordpress-app-91af6704-7367-4b4b-b829-d120e278bfb8\" data-app-url=\"https:\/\/www.feinwerk-technologies.de\" data-fcaptcha-sitekey=\"FCMHA65IB64SV3PL\" data-component=\"faq-row\" data-faqrow=\"{&quot;showOptions&quot;:false,&quot;hideSearch&quot;:true,&quot;activeCategories&quot;:[&quot;cnc-milling&quot;]}\"><\/div>[\/et_pb_code][\/et_pb_column][\/et_pb_row][\/et_pb_section][et_pb_section fb_built=&#8221;1&#8243; _builder_version=&#8221;4.24.0&#8243; _module_preset=&#8221;default&#8221; custom_margin=&#8221;||||false|false&#8221; global_colors_info=&#8221;{}&#8221;][et_pb_row make_equal=&#8221;on&#8221; _builder_version=&#8221;4.24.0&#8243; _module_preset=&#8221;default&#8221; global_colors_info=&#8221;{}&#8221;][et_pb_column type=&#8221;4_4&#8243; _builder_version=&#8221;4.24.0&#8243; _module_preset=&#8221;default&#8221; custom_css_main_element=&#8221;margin: auto;&#8221; global_colors_info=&#8221;{}&#8221;][et_pb_code _builder_version=&#8221;4.24.0&#8243; _module_preset=&#8221;default&#8221; global_colors_info=&#8221;{}&#8221;][\/et_pb_code][et_pb_code _builder_version=&#8221;4.27.4&#8243; _module_preset=&#8221;default&#8221; hover_enabled=&#8221;0&#8243; global_colors_info=&#8221;{}&#8221; dvmd_acat_aria_label=&#8221;Photos des interlocuteurs dans le domaine du tournage CNC&#8221; sticky_enabled=&#8221;0&#8243;]<\/p>\n<div class=\"contact-section-row\"><!-- [et_pb_line_break_holder] -->  <\/p>\n<div class=\"contact-section-row-item\"><!-- [et_pb_line_break_holder] -->  <\/p>\n<h2>D&#8217;autres questions ?<\/h2>\n<p><!-- [et_pb_line_break_holder] -->  <\/p>\n<h2>Nous sommes l\u00e0 pour vous.<\/h2>\n<p><!-- [et_pb_line_break_holder] -->  <\/div>\n<p><!-- [et_pb_line_break_holder] -->  <\/p>\n<div class=\"contact-section-row-item\"><!-- [et_pb_line_break_holder] -->   <div id=\"vue-wordpress-app-1193d3c1-f65b-4edf-a5f7-22b0cba4f54b\" data-app-url=\"https:\/\/www.feinwerk-technologies.de\" data-fcaptcha-sitekey=\"FCMHA65IB64SV3PL\" data-component=\"contact-section\" data-contactsection=\"{&quot;categories&quot;:[&quot;cnc&quot;]}\"><\/div><!-- [et_pb_line_break_holder] -->  <\/div>\n<p><!-- [et_pb_line_break_holder] --><\/div>\n<p>[\/et_pb_code][\/et_pb_column][\/et_pb_row][\/et_pb_section]<\/p>\n","protected":false},"excerpt":{"rendered":"<p>Tournage CNCNous pouvons transporter jusqu&#8217;\u00e0 5 000 kg tourner le poids unitaireNous sommes en mesure d&#8217;usiner des pi\u00e8ces tourn\u00e9es d&#8217;un diam\u00e8tre de 10 mm \u00e0 un diam\u00e8tre de 750 x 5050 mm de longueur et d&#8217;un poids unitaire allant jusqu&#8217;\u00e0 5.000 kg. Nos collaborateurs sont en mesure de r\u00e9aliser les projets les plus exigeants avec [&hellip;]<\/p>\n","protected":false},"author":1,"featured_media":535,"parent":0,"menu_order":0,"comment_status":"closed","ping_status":"closed","template":"","meta":{"_acf_changed":false,"_et_pb_use_builder":"on","_et_pb_old_content":"","_et_gb_content_width":"","inline_featured_image":false,"footnotes":""},"class_list":["post-1053","page","type-page","status-publish","has-post-thumbnail","hentry"],"acf":[],"tag_names":[],"category_names":[],"thumbnail":"https:\/\/www.feinwerk-technologies.de\/wp-content\/uploads\/2024\/01\/kopfmedia_feinwerk_cnc-drehen-03.webp","_links":{"self":[{"href":"https:\/\/www.feinwerk-technologies.de\/fr\/wp-json\/wp\/v2\/pages\/1053","targetHints":{"allow":["GET"]}}],"collection":[{"href":"https:\/\/www.feinwerk-technologies.de\/fr\/wp-json\/wp\/v2\/pages"}],"about":[{"href":"https:\/\/www.feinwerk-technologies.de\/fr\/wp-json\/wp\/v2\/types\/page"}],"author":[{"embeddable":true,"href":"https:\/\/www.feinwerk-technologies.de\/fr\/wp-json\/wp\/v2\/users\/1"}],"replies":[{"embeddable":true,"href":"https:\/\/www.feinwerk-technologies.de\/fr\/wp-json\/wp\/v2\/comments?post=1053"}],"version-history":[{"count":14,"href":"https:\/\/www.feinwerk-technologies.de\/fr\/wp-json\/wp\/v2\/pages\/1053\/revisions"}],"predecessor-version":[{"id":2331,"href":"https:\/\/www.feinwerk-technologies.de\/fr\/wp-json\/wp\/v2\/pages\/1053\/revisions\/2331"}],"wp:featuredmedia":[{"embeddable":true,"href":"https:\/\/www.feinwerk-technologies.de\/fr\/wp-json\/wp\/v2\/media\/535"}],"wp:attachment":[{"href":"https:\/\/www.feinwerk-technologies.de\/fr\/wp-json\/wp\/v2\/media?parent=1053"}],"curies":[{"name":"wp","href":"https:\/\/api.w.org\/{rel}","templated":true}]}}